{"id":910,"date":"2025-03-19T19:52:43","date_gmt":"2025-03-19T18:52:43","guid":{"rendered":"https:\/\/css.ichn.eu\/?page_id=910"},"modified":"2025-05-13T12:51:34","modified_gmt":"2025-05-13T10:51:34","slug":"impressum","status":"publish","type":"page","link":"https:\/\/chinesische-sprachschule-stuttgart.de\/de_de\/impressum\/","title":{"rendered":"Impressum"},"content":{"rendered":"<h4 class=\"wp-block-heading\"><strong>Angaben gem\u00e4\u00df \u00a7 5 TMG (Telemediengesetz)<\/strong><\/h4>\n\n\n\n<p><strong>Betreiber der Website:<\/strong><br>Der China Kultur Kreis e.V.<br><strong>Adresse:<\/strong> Haldenrainstra\u00dfe 136, 70437 Stuttgart<br><strong>Vertreten durch:<\/strong><br>Chen Wei (Schulleiter)<br><strong>Kontakt:<\/strong><br>Telefon: 0711-5286736<br>E-Mail: <a href=\"mailto:info@chinesische-sprachschule-stuttgart.de\" target=\"_blank\" rel=\"noreferrer noopener\">info@chinesische-sprachschule-stuttgart.de<\/a><\/p>\n\n\n\n<h4 class=\"wp-block-heading\"><strong>Vereinsregister<\/strong><\/h4>\n\n\n\n<p>Eingetragen im Vereinsregister des Amtsgerichts Stuttgart<br>Registernummer: VR 6491<\/p>\n\n\n\n<h4 class=\"wp-block-heading\"><strong>Verantwortlich f\u00fcr den Inhalt nach \u00a7 55 Abs. 2 RStV<\/strong><\/h4>\n\n\n\n<p>Chen Wei<br><strong>Adresse:<\/strong> Haldenrainstra\u00dfe 136, 70437 Stuttgart<\/p>\n\n\n\n<h4 class=\"wp-block-heading\"><strong>Haftungsausschluss<\/strong><\/h4>\n\n\n\n<p><strong>Haftung f\u00fcr Inhalte:<\/strong><br>Als Diensteanbieter sind wir gem\u00e4\u00df \u00a7 7 Abs.1 TMG f\u00fcr eigene Inhalte auf diesen Seiten nach den allgemeinen Gesetzen verantwortlich. Nach \u00a7\u00a7 8 bis 10 TMG sind wir jedoch nicht verpflichtet, \u00fcbermittelte oder gespeicherte fremde Informationen zu \u00fcberwachen oder nach Umst\u00e4nden zu forschen, die auf eine rechtswidrige T\u00e4tigkeit hinweisen. Verpflichtungen zur Entfernung oder Sperrung der Nutzung von Informationen nach den allgemeinen Gesetzen bleiben hiervon unber\u00fchrt. Eine Haftung ist jedoch erst ab dem Zeitpunkt der Kenntnis einer konkreten Rechtsverletzung m\u00f6glich. Bei Bekanntwerden von Rechtsverletzungen werden wir diese Inhalte umgehend entfernen\u3002<\/p>\n\n\n\n<p><strong>Haftung f\u00fcr Links:<\/strong><br>Unser Angebot enth\u00e4lt Links zu externen Websites Dritter, auf deren Inhalte wir keinen Einfluss haben. F\u00fcr diese fremden Inhalte \u00fcbernehmen wir keine Gew\u00e4hr. Die Verantwortung f\u00fcr die Inhalte der verlinkten Seiten liegt beim jeweiligen Anbieter oder Betreiber. Die verlinkten Seiten wurden zum Zeitpunkt der Verlinkung auf m\u00f6gliche Rechtsverst\u00f6\u00dfe gepr\u00fcft, wobei keine rechtswidrigen Inhalte erkennbar waren. Eine permanente Kontrolle der verlinkten Seiten ist ohne konkrete Anhaltspunkte einer Rechtsverletzung nicht zumutbar. Bei Bekanntwerden von Rechtsverletzungen werden wir derartige Links umgehend entfernen\u3002<\/p>\n\n\n\n<h4 class=\"wp-block-heading\"><strong>Urheberrecht<\/strong><\/h4>\n\n\n\n<p>Die durch den Seitenbetreiber erstellten Inhalte und Werke auf diesen Seiten unterliegen dem deutschen Urheberrecht. Vervielf\u00e4ltigung, Bearbeitung, Verbreitung und jede Art der Verwertung au\u00dferhalb der Grenzen des Urheberrechts bed\u00fcrfen der schriftlichen Zustimmung des jeweiligen Autors bzw. Erstellers. Downloads und Kopien dieser Seite sind nur f\u00fcr den privaten, nicht kommerziellen Gebrauch gestattet. Inhalte Dritter werden als solche gekennzeichnet, und deren Urheberrechte werden beachtet. Bei Bekanntwerden von Urheberrechtsverletzungen werden wir diese Inhalte umgehend entfernen\u3002<\/p>\n\n\n\n<h4 class=\"wp-block-heading\"><strong>Datenschutz<\/strong><\/h4>\n\n\n\n<p>Die Nutzung unserer Website ist in der Regel ohne Angabe personenbezogener Daten m\u00f6glich. Soweit personenbezogene Daten (z. B. Name, Anschrift oder E-Mail-Adressen) erhoben werden, erfolgt dies, soweit m\u00f6glich, auf freiwilliger Basis. Diese Daten werden ohne Ihre ausdr\u00fcckliche Zustimmung nicht an Dritte weitergegeben. Wir weisen darauf hin, dass die Daten\u00fcbertragung im Internet (z. B. per E-Mail) Sicherheitsl\u00fccken aufweisen kann und ein l\u00fcckenloser Schutz vor Zugriff durch Dritte nicht m\u00f6glich ist. Der Nutzung der im Impressum ver\u00f6ffentlichten Kontaktdaten zur \u00dcbersendung unverlangter Werbung wird ausdr\u00fccklich widersprochen. Wir behalten uns rechtliche Schritte bei unverlangter Zusendung von Werbeinformationen (z. B. Spam-Mails) vor\u3002<\/p>\n\n\n\n<h4 class=\"wp-block-heading\"><strong>Streitbeilegung<\/strong><\/h4>\n\n\n\n<p>Die Europ\u00e4ische Kommission stellt eine Plattform zur Online-Streitbeilegung (OS) bereit: <a href=\"https:\/\/ec.europa.eu\/consumers\/odr\" target=\"_blank\" rel=\"noreferrer noopener\">https:\/\/ec.europa.eu\/consumers\/odr<\/a>. Unsere E-Mail-Adresse finden Sie oben im Impressum. Wir sind nicht bereit oder verpflichtet, an Streitbeilegungsverfahren vor einer Verbraucherschlichtungsstelle teilzunehmen\u3002<\/p>","protected":false},"excerpt":{"rendered":"<p>Angaben gem\u00e4\u00df \u00a7 5 TMG (Telemed [&hellip;]<\/p>\n","protected":false},"author":1,"featured_media":0,"parent":0,"menu_order":0,"comment_status":"closed","ping_status":"closed","template":"","meta":{"_acf_changed":false,"_EventAllDay":false,"_EventTimezone":"","_EventStartDate":"","_EventEndDate":"","_EventStartDateUTC":"","_EventEndDateUTC":"","_EventShowMap":false,"_EventShowMapLink":false,"_EventURL":"","_EventCost":"","_EventCostDescription":"","_EventCurrencySymbol":"","_EventCurrencyCode":"","_EventCurrencyPosition":"","_EventDateTimeSeparator":"","_EventTimeRangeSeparator":"","_EventOrganizerID":[],"_EventVenueID":[],"_OrganizerEmail":"","_OrganizerPhone":"","_OrganizerWebsite":"","_VenueAddress":"","_VenueCity":"","_VenueCountry":"","_VenueProvince":"","_VenueState":"","_VenueZip":"","_VenuePhone":"","_VenueURL":"","_VenueStateProvince":"","_VenueLat":"","_VenueLng":"","_VenueShowMap":false,"_VenueShowMapLink":false,"_themeisle_gutenberg_block_has_review":false,"footnotes":""},"class_list":["post-910","page","type-page","status-publish","hentry"],"acf":[],"jetpack_sharing_enabled":true,"jetpack-related-posts":[{"id":437,"url":"https:\/\/chinesische-sprachschule-stuttgart.de\/de_de\/join-us\/","url_meta":{"origin":910,"position":0},"title":"Stellenangebot","author":"admin","date":"2025\u5e741\u670829\u65e5","format":false,"excerpt":"\u957f\u671f\u62db\u8058 \u4e2d\u6587\u6559\u5e08 \u6b22\u8fce\u70ed\u7231\u6559\u80b2\u4e8b\u4e1a\u3001\u70ed\u7231\u5b66\u751f\u3001\u5177\u6709\u5949\u732e\u7cbe\u795e\u7684\u6709\u8bc6\u4e4b\u58eb\u52a0\u5165\u6211\u4eec\uff01 \u5e94\u8058\u90ae\u4ef6\u53ca\u4e2d\u6587\u7b80\u5386\u2026","rel":"","context":"\u00c4hnlicher Beitrag","block_context":{"text":"\u00c4hnlicher Beitrag","link":""},"img":{"alt_text":"","src":"","width":0,"height":0},"classes":[]},{"id":6,"url":"https:\/\/chinesische-sprachschule-stuttgart.de\/de_de\/","url_meta":{"origin":910,"position":1},"title":"Startseite","author":"admin","date":"2025\u5e741\u670815\u65e5","format":false,"excerpt":"","rel":"","context":"\u00c4hnlicher Beitrag","block_context":{"text":"\u00c4hnlicher Beitrag","link":""},"img":{"alt_text":"","src":"","width":0,"height":0},"classes":[]},{"id":4476,"url":"https:\/\/chinesische-sprachschule-stuttgart.de\/de_de\/fileupload\/","url_meta":{"origin":910,"position":2},"title":"\u6587 \u4ef6 \u4e0a \u4f20","author":"admin","date":"2026\u5e741\u670816\u65e5","format":false,"excerpt":"","rel":"","context":"\u00c4hnlicher Beitrag","block_context":{"text":"\u00c4hnlicher Beitrag","link":""},"img":{"alt_text":"","src":"","width":0,"height":0},"classes":[]},{"id":4484,"url":"https:\/\/chinesische-sprachschule-stuttgart.de\/de_de\/filegallery\/","url_meta":{"origin":910,"position":3},"title":"\u6587 \u4ef6 \u4e0b \u8f7d","author":"admin","date":"2026\u5e741\u670816\u65e5","format":false,"excerpt":"","rel":"","context":"\u00c4hnlicher Beitrag","block_context":{"text":"\u00c4hnlicher Beitrag","link":""},"img":{"alt_text":"","src":"","width":0,"height":0},"classes":[]},{"id":4754,"url":"https:\/\/chinesische-sprachschule-stuttgart.de\/de_de\/filemanager\/","url_meta":{"origin":910,"position":4},"title":"\u6587 \u4ef6 \u7ba1 \u7406","author":"admin","date":"2026\u5e741\u670822\u65e5","format":false,"excerpt":"","rel":"","context":"\u00c4hnlicher Beitrag","block_context":{"text":"\u00c4hnlicher Beitrag","link":""},"img":{"alt_text":"","src":"","width":0,"height":0},"classes":[]},{"id":28,"url":"https:\/\/chinesische-sprachschule-stuttgart.de\/de_de\/contact-page\/","url_meta":{"origin":910,"position":5},"title":"Kontakt","author":"admin","date":"2025\u5e741\u670815\u65e5","format":false,"excerpt":"\u6b22\u8fce\u60a8\u968f\u65f6\u8054\u7cfb\u6211\u4eec\uff0c\u628a\u60a8\u7684\u95ee\u9898\u6216\u8005\u770b\u6cd5\u544a\u8bc9\u6211\u4eec\u3002\u6211\u4eec\u4f1a\u5c3d\u5feb\u56de\u590d\u60a8\u3002 015563356999 \u859b\u8001\u5e08\u2026","rel":"","context":"\u00c4hnlicher Beitrag","block_context":{"text":"\u00c4hnlicher Beitrag","link":""},"img":{"alt_text":"","src":"","width":0,"height":0},"classes":[]}],"jetpack_shortlink":"https:\/\/wp.me\/PgAON2-eG","rttpg_featured_image_url":null,"rttpg_author":{"display_name":"admin","author_link":"https:\/\/chinesische-sprachschule-stuttgart.de\/de_de\/author\/admin\/"},"rttpg_comment":0,"rttpg_category":null,"rttpg_excerpt":"Angaben gem\u00e4\u00df \u00a7 5 TMG (Telemed [&hellip;]","_links":{"self":[{"href":"https:\/\/chinesische-sprachschule-stuttgart.de\/de_de\/wp-json\/wp\/v2\/pages\/910","targetHints":{"allow":["GET"]}}],"collection":[{"href":"https:\/\/chinesische-sprachschule-stuttgart.de\/de_de\/wp-json\/wp\/v2\/pages"}],"about":[{"href":"https:\/\/chinesische-sprachschule-stuttgart.de\/de_de\/wp-json\/wp\/v2\/types\/page"}],"author":[{"embeddable":true,"href":"https:\/\/chinesische-sprachschule-stuttgart.de\/de_de\/wp-json\/wp\/v2\/users\/1"}],"replies":[{"embeddable":true,"href":"https:\/\/chinesische-sprachschule-stuttgart.de\/de_de\/wp-json\/wp\/v2\/comments?post=910"}],"version-history":[{"count":0,"href":"https:\/\/chinesische-sprachschule-stuttgart.de\/de_de\/wp-json\/wp\/v2\/pages\/910\/revisions"}],"wp:attachment":[{"href":"https:\/\/chinesische-sprachschule-stuttgart.de\/de_de\/wp-json\/wp\/v2\/media?parent=910"}],"curies":[{"name":"wp","href":"https:\/\/api.w.org\/{rel}","templated":true}]}}